{"id":928,"date":"2025-03-20T14:48:21","date_gmt":"2025-03-20T13:48:21","guid":{"rendered":"https:\/\/elbo.doweb.dk\/site\/trafikogveje\/?page_id=928"},"modified":"2025-03-21T17:40:58","modified_gmt":"2025-03-21T16:40:58","slug":"betingelser","status":"publish","type":"page","link":"https:\/\/elbo.doweb.dk\/site\/trafikogveje\/betingelser\/","title":{"rendered":"Betingelser for brug af Trafik og Veje&#8217;s artikelarkiv"},"content":{"rendered":"<div class=\"wpb-content-wrapper\">[vc_row][vc_column][vc_custom_heading source=&#8221;post_title&#8221; css=&#8221;&#8221;][vc_column_text css=&#8221;.vc_custom_1742575156397{margin-top: 20px !important;}&#8221;]<strong>1. Generelt<\/strong><br \/>\nVed oprettelse af en brugerprofil p\u00e5 Trafik &amp; Veje-platformen (herefter &#8220;platformen&#8221;) accepterer du nedenst\u00e5ende vilk\u00e5r. Platformen tilbyder adgang til en digital fremviser af tidsskriftet <em>Trafik &amp; Veje<\/em>\u00a0samt en artikeldatabase med alle tidligere udgaver af tidsskriftet.<\/p>\n<p><strong>2. Adgang og berettigelse<\/strong><br \/>\nAdgangen til platformen er forbeholdt ansatte i en medlemsorganisation af Trafik &amp; Veje. Medlemsorganisationer omfatter kommuner, virksomheder og organisationer, som har tegnet et medlemskab af Trafik &amp; Veje. For at oprette en bruger skal du anvende din arbejdsmail fra den medlemsorganisation, hvor du er ansat.<\/p>\n<p><strong>3. Verifikation af bruger<\/strong><br \/>\nFor at sikre, at eksisterende brugere fortsat er ansat i en medlemsorganisation, vil der \u00e9n gang \u00e5rligt blive udsendt en e-mail til alle registrerede brugere med anmodning om genbekr\u00e6ftelse af deres konto. Brugere, der ikke genbekr\u00e6ftes inden for en angiven tidsramme, vil blive deaktiveret, indtil en eventuel genbekr\u00e6ftelse modtages. Brugere, der har skiftet job og ikke l\u00e6ngere har adgang til den registrerede arbejdsmail, vil ikke kunne bekr\u00e6fte deres konto og mister dermed adgangen.<\/p>\n<p><strong>4. Brug af platformen<\/strong><br \/>\nDet st\u00e5r brugere frit for at benytte adgangen i alle sammenh\u00e6nge \u2013 b\u00e5de privat og i arbejdsregi.<\/p>\n<p>Det er ikke tilladt at videregive loginoplysninger til tredjepart, uanset om denne tredjepart selv er berettige adgang til platformen. Dette skyldes til dels ovenst\u00e5ende verifikation af brugeren samt for l\u00f8bende at kunne f\u00f8re en retvisende statistik over interessen for de enkelte artikler og temaer.<\/p>\n<p><strong>5. Databeskyttelse<\/strong><br \/>\nVed oprettelse af en bruger accepterer du, at Trafik &amp; Veje behandler dine personlige oplysninger, herunder navn og e-mailadresse, udelukkende med henblik p\u00e5 at administrere din adgang til platformen. Data anvendes ikke til markedsf\u00f8ringsform\u00e5l og videregives ikke til tredjepart.<\/p>\n<p>Kontaktpersonen for medlemskabet i en medlemsorganisation kan, efter anmodning, f\u00e5 udleveret en digital oversigt over alle aktive brugere, der har registreret sig som ansatte i den p\u00e5g\u00e6ldende medlemsorganisation.<\/p>\n<p><strong>6. Forbehold for \u00e6ndringer<\/strong><br \/>\nTrafik &amp; Veje forbeholder sig retten til at \u00e6ndre disse vilk\u00e5r. Ved \u00e6ndringer vil brugerne blive informeret via email.<\/p>\n<p><strong>7. Kontakt<\/strong><br \/>\nHvis du har sp\u00f8rgsm\u00e5l til disse vilk\u00e5r eller din adgang til platformen, kan du kontakte:<\/p>\n<p>Direkt\u00f8r, Morten Hjortb\u00f8l<br \/>\n3125 2988<br \/>\nmorten@trafikogveje.dk[\/vc_column_text][\/vc_column][\/vc_row]\n<\/div>","protected":false},"excerpt":{"rendered":"<p>[vc_row][vc_column][vc_custom_heading source=&#8221;post_title&#8221; css=&#8221;&#8221;][vc_column_text css=&#8221;.vc_custom_1742575156397{margin-top: 20px !important;}&#8221;]1. Generelt Ved oprettelse af en brugerprofil p\u00e5 Trafik &amp; Veje-platformen (herefter &#8220;platformen&#8221;) accepterer du nedenst\u00e5ende vilk\u00e5r. Platformen tilbyder adgang til en digital fremviser af tidsskriftet Trafik &amp; Veje\u00a0samt en artikeldatabase med alle tidligere udgaver af tidsskriftet. 2. Adgang og berettigelse Adgangen til platformen er forbeholdt ansatte i en medlemsorganisation af Trafik &amp; Veje. Medlemsorganisationer &#8230; <\/p>\n<div><a href=\"https:\/\/elbo.doweb.dk\/site\/trafikogveje\/betingelser\/\" class=\"more-link\">Read More<\/a><\/div>\n","protected":false},"author":16,"featured_media":0,"parent":0,"menu_order":0,"comment_status":"closed","ping_status":"closed","template":"template-blank-1.php","meta":{"_acf_changed":false,"footnotes":""},"class_list":["post-928","page","type-page","status-publish","hentry","no-post-thumbnail"],"acf":[],"_links":{"self":[{"href":"https:\/\/elbo.doweb.dk\/site\/trafikogveje\/wp-json\/wp\/v2\/pages\/928","targetHints":{"allow":["GET"]}}],"collection":[{"href":"https:\/\/elbo.doweb.dk\/site\/trafikogveje\/wp-json\/wp\/v2\/pages"}],"about":[{"href":"https:\/\/elbo.doweb.dk\/site\/trafikogveje\/wp-json\/wp\/v2\/types\/page"}],"author":[{"embeddable":true,"href":"https:\/\/elbo.doweb.dk\/site\/trafikogveje\/wp-json\/wp\/v2\/users\/16"}],"replies":[{"embeddable":true,"href":"https:\/\/elbo.doweb.dk\/site\/trafikogveje\/wp-json\/wp\/v2\/comments?post=928"}],"version-history":[{"count":7,"href":"https:\/\/elbo.doweb.dk\/site\/trafikogveje\/wp-json\/wp\/v2\/pages\/928\/revisions"}],"predecessor-version":[{"id":942,"href":"https:\/\/elbo.doweb.dk\/site\/trafikogveje\/wp-json\/wp\/v2\/pages\/928\/revisions\/942"}],"wp:attachment":[{"href":"https:\/\/elbo.doweb.dk\/site\/trafikogveje\/wp-json\/wp\/v2\/media?parent=928"}],"curies":[{"name":"wp","href":"https:\/\/api.w.org\/{rel}","templated":true}]}}